{"id":5488,"date":"2023-09-13T15:23:05","date_gmt":"2023-09-13T15:23:05","guid":{"rendered":"https:\/\/keen-euclid.84-46-251-236.plesk.page\/?page_id=5488"},"modified":"2025-07-25T13:46:25","modified_gmt":"2025-07-25T13:46:25","slug":"mission","status":"publish","type":"page","link":"https:\/\/keen-euclid.84-46-251-236.plesk.page\/index.php\/mission\/","title":{"rendered":"Mission"},"content":{"rendered":"\t\t<div data-elementor-type=\"wp-page\" data-elementor-id=\"5488\" class=\"elementor elementor-5488\">\n\t\t\t\t\t\t<section class=\"elementor-section elementor-top-section elementor-element elementor-element-023ef17 elementor-section-height-min-height elementor-section-stretched elementor-section-boxed elementor-section-height-default elementor-section-items-middle\" data-id=\"023ef17\" data-element_type=\"section\" data-settings=\"{&quot;stretch_section&quot;:&quot;section-stretched&quot;,&quot;background_background&quot;:&quot;classic&quot;}\">\n\t\t\t\t\t\t<div class=\"elementor-container elementor-column-gap-default\">\n\t\t\t\t\t<div class=\"elementor-column elementor-col-100 elementor-top-column elementor-element elementor-element-185f3e3\" data-id=\"185f3e3\" data-element_type=\"column\">\n\t\t\t<div class=\"elementor-widget-wrap elementor-element-populated\">\n\t\t\t\t\t\t<div class=\"elementor-element elementor-element-90df0bf elementor-widget elementor-widget-etheme_animated_headline\" data-id=\"90df0bf\" data-element_type=\"widget\" data-settings=\"{&quot;text_style&quot;:&quot;animate&quot;,&quot;animation_type&quot;:&quot;slide&quot;,&quot;animated_text&quot;:&quot;DIVERSITA&#039; \\nSERVIZIO\\nQUALITA&#039;&quot;}\" data-widget_type=\"etheme_animated_headline.default\">\n\t\t\t\t<div class=\"elementor-widget-container\">\n\t\t\t\t\t        \r\n        <div class=\"etheme-headline-wrapper\">\r\n            <h2 class=\"etheme-headline etheme-headline-animation-type-slide\" data-style=\"animate\">\r\n\t\t                        <span class=\"etheme-headline-text-wrapper\">\r\n                \r\n\t\t            \r\n                    <span class=\"etheme-headline-text etheme-headline-text-active\">DIVERSITA'<\/span><span class=\"etheme-headline-text \">SERVIZIO<\/span><span class=\"etheme-headline-text \">QUALITA'<\/span>                \r\n                <\/span>\r\n                            <\/h2>\r\n        <\/div>\r\n        \r\n\t\t\t\t\t\t<\/div>\n\t\t\t\t<\/div>\n\t\t\t\t\t<\/div>\n\t\t<\/div>\n\t\t\t\t\t<\/div>\n\t\t<\/section>\n\t\t\t\t<section class=\"elementor-section elementor-top-section elementor-element elementor-element-0eea408 elementor-section-boxed elementor-section-height-default elementor-section-height-default\" data-id=\"0eea408\" data-element_type=\"section\">\n\t\t\t\t\t\t<div class=\"elementor-container elementor-column-gap-default\">\n\t\t\t\t\t<div class=\"elementor-column elementor-col-50 elementor-top-column elementor-element elementor-element-2976322\" data-id=\"2976322\" data-element_type=\"column\">\n\t\t\t<div class=\"elementor-widget-wrap elementor-element-populated\">\n\t\t\t\t\t\t<div class=\"elementor-element elementor-element-51d1201 elementor-widget elementor-widget-image\" data-id=\"51d1201\" data-element_type=\"widget\" data-widget_type=\"image.default\">\n\t\t\t\t<div class=\"elementor-widget-container\">\n\t\t\t\t\t\t\t\t\t\t\t\t\t\t\t<img loading=\"lazy\" loading=\"lazy\" decoding=\"async\" width=\"603\" height=\"402\" src=\"https:\/\/keen-euclid.84-46-251-236.plesk.page\/wp-content\/uploads\/2023\/09\/diamantea.jpeg\" class=\"attachment-large size-large wp-image-5492\" alt=\"\" srcset=\"https:\/\/keen-euclid.84-46-251-236.plesk.page\/wp-content\/uploads\/2023\/09\/diamantea.jpeg 603w, https:\/\/keen-euclid.84-46-251-236.plesk.page\/wp-content\/uploads\/2023\/09\/diamantea-300x200.jpeg 300w, https:\/\/keen-euclid.84-46-251-236.plesk.page\/wp-content\/uploads\/2023\/09\/diamantea-600x400.jpeg 600w, https:\/\/keen-euclid.84-46-251-236.plesk.page\/wp-content\/uploads\/2023\/09\/diamantea-1x1.jpeg 1w, https:\/\/keen-euclid.84-46-251-236.plesk.page\/wp-content\/uploads\/2023\/09\/diamantea-10x7.jpeg 10w\" sizes=\"auto, (max-width: 603px) 100vw, 603px\" \/>\t\t\t\t\t\t\t\t\t\t\t\t\t\t\t<\/div>\n\t\t\t\t<\/div>\n\t\t\t\t\t<\/div>\n\t\t<\/div>\n\t\t\t\t<div class=\"elementor-column elementor-col-50 elementor-top-column elementor-element elementor-element-31e1f62\" data-id=\"31e1f62\" data-element_type=\"column\">\n\t\t\t<div class=\"elementor-widget-wrap elementor-element-populated\">\n\t\t\t\t\t\t<div class=\"elementor-element elementor-element-5bc8eb0 elementor-widget elementor-widget-text-editor\" data-id=\"5bc8eb0\" data-element_type=\"widget\" data-widget_type=\"text-editor.default\">\n\t\t\t\t<div class=\"elementor-widget-container\">\n\t\t\t\t\t\t\t\t\t<div class=\"wpb_text_column wpb_content_element \"><div class=\"wpb_wrapper\"><h3>Il meglio del know how<\/h3><\/div><\/div><div class=\"vc_empty_space\">\u00a0<\/div><div class=\"wpb_text_column wpb_content_element \"><div class=\"wpb_wrapper\"><p>Il meglio del know how e la nostra professionalit\u00e0 sono messi a disposizione esclusivamente per la gestione di marchi in Private Label (marchio di propriet\u00e0 del cliente). La ricerca e lo sviluppo dei nuovi prodotti \u00e8 garantito dal continuo aggiornamento dei macchinari. Ogni nuova fibra, tecnologia tessile e tintoriale viene presa in considerazione e testata per garantire sempre un nuovo prodotto di altissima qualit\u00e0 che non sia un semplice collant.<\/p><\/div><\/div>\t\t\t\t\t\t\t\t<\/div>\n\t\t\t\t<\/div>\n\t\t\t\t\t<\/div>\n\t\t<\/div>\n\t\t\t\t\t<\/div>\n\t\t<\/section>\n\t\t\t\t<section class=\"elementor-section elementor-top-section elementor-element elementor-element-1c0fad9 elementor-section-boxed elementor-section-height-default elementor-section-height-default\" data-id=\"1c0fad9\" data-element_type=\"section\">\n\t\t\t\t\t\t<div class=\"elementor-container elementor-column-gap-default\">\n\t\t\t\t\t<div class=\"elementor-column elementor-col-50 elementor-top-column elementor-element elementor-element-f9dffec\" data-id=\"f9dffec\" data-element_type=\"column\">\n\t\t\t<div class=\"elementor-widget-wrap elementor-element-populated\">\n\t\t\t\t\t\t<div class=\"elementor-element elementor-element-78a0e6f elementor-widget elementor-widget-text-editor\" data-id=\"78a0e6f\" data-element_type=\"widget\" data-widget_type=\"text-editor.default\">\n\t\t\t\t<div class=\"elementor-widget-container\">\n\t\t\t\t\t\t\t\t\t<div class=\"wpb_text_column wpb_content_element \"><div class=\"wpb_wrapper\"><div class=\"wpb_text_column wpb_content_element \"><div class=\"wpb_wrapper\"><h3>Diversit\u00e0 di Articoli<\/h3><\/div><\/div><div class=\"vc_empty_space\">\u00a0<\/div><div class=\"wpb_text_column wpb_content_element \"><div class=\"wpb_wrapper\"><p>Tutto questo ci consente di poter offrire alla nostra clientela una vastissima gamma di prodotti da donna e bambina e baby :dai prodotti basici, sino ad arrivare ai pi\u00f9 sofisticati articoli fashion in diverse tipologie di tessuti come la Poliammide,Cotone , Lana Viscosa ed acrilici.<\/p><\/div><\/div><\/div><\/div>\t\t\t\t\t\t\t\t<\/div>\n\t\t\t\t<\/div>\n\t\t\t\t\t<\/div>\n\t\t<\/div>\n\t\t\t\t<div class=\"elementor-column elementor-col-50 elementor-top-column elementor-element elementor-element-cb30767\" data-id=\"cb30767\" data-element_type=\"column\">\n\t\t\t<div class=\"elementor-widget-wrap elementor-element-populated\">\n\t\t\t\t\t\t<div class=\"elementor-element elementor-element-5d448f2 elementor-widget elementor-widget-image\" data-id=\"5d448f2\" data-element_type=\"widget\" data-widget_type=\"image.default\">\n\t\t\t\t<div class=\"elementor-widget-container\">\n\t\t\t\t\t\t\t\t\t\t\t\t\t\t\t<img loading=\"lazy\" loading=\"lazy\" decoding=\"async\" width=\"603\" height=\"402\" src=\"https:\/\/keen-euclid.84-46-251-236.plesk.page\/wp-content\/uploads\/2023\/09\/diamantea2.jpeg\" class=\"attachment-large size-large wp-image-5491\" alt=\"\" srcset=\"https:\/\/keen-euclid.84-46-251-236.plesk.page\/wp-content\/uploads\/2023\/09\/diamantea2.jpeg 603w, https:\/\/keen-euclid.84-46-251-236.plesk.page\/wp-content\/uploads\/2023\/09\/diamantea2-300x200.jpeg 300w, https:\/\/keen-euclid.84-46-251-236.plesk.page\/wp-content\/uploads\/2023\/09\/diamantea2-600x400.jpeg 600w, https:\/\/keen-euclid.84-46-251-236.plesk.page\/wp-content\/uploads\/2023\/09\/diamantea2-1x1.jpeg 1w, https:\/\/keen-euclid.84-46-251-236.plesk.page\/wp-content\/uploads\/2023\/09\/diamantea2-10x7.jpeg 10w\" sizes=\"auto, (max-width: 603px) 100vw, 603px\" \/>\t\t\t\t\t\t\t\t\t\t\t\t\t\t\t<\/div>\n\t\t\t\t<\/div>\n\t\t\t\t\t<\/div>\n\t\t<\/div>\n\t\t\t\t\t<\/div>\n\t\t<\/section>\n\t\t\t\t<section class=\"elementor-section elementor-top-section elementor-element elementor-element-c3a5512 elementor-section-boxed elementor-section-height-default elementor-section-height-default\" data-id=\"c3a5512\" data-element_type=\"section\">\n\t\t\t\t\t\t<div class=\"elementor-container elementor-column-gap-default\">\n\t\t\t\t\t<div class=\"elementor-column elementor-col-50 elementor-top-column elementor-element elementor-element-d0ca3c3\" data-id=\"d0ca3c3\" data-element_type=\"column\">\n\t\t\t<div class=\"elementor-widget-wrap elementor-element-populated\">\n\t\t\t\t\t\t<div class=\"elementor-element elementor-element-a34fb96 elementor-widget elementor-widget-image\" data-id=\"a34fb96\" data-element_type=\"widget\" data-widget_type=\"image.default\">\n\t\t\t\t<div class=\"elementor-widget-container\">\n\t\t\t\t\t\t\t\t\t\t\t\t\t\t\t<img loading=\"lazy\" loading=\"lazy\" decoding=\"async\" width=\"603\" height=\"402\" src=\"https:\/\/keen-euclid.84-46-251-236.plesk.page\/wp-content\/uploads\/2023\/09\/dimantea-calze-mantova.jpg\" class=\"attachment-large size-large wp-image-5493\" alt=\"\" srcset=\"https:\/\/keen-euclid.84-46-251-236.plesk.page\/wp-content\/uploads\/2023\/09\/dimantea-calze-mantova.jpg 603w, https:\/\/keen-euclid.84-46-251-236.plesk.page\/wp-content\/uploads\/2023\/09\/dimantea-calze-mantova-300x200.jpg 300w, https:\/\/keen-euclid.84-46-251-236.plesk.page\/wp-content\/uploads\/2023\/09\/dimantea-calze-mantova-600x400.jpg 600w, https:\/\/keen-euclid.84-46-251-236.plesk.page\/wp-content\/uploads\/2023\/09\/dimantea-calze-mantova-1x1.jpg 1w, https:\/\/keen-euclid.84-46-251-236.plesk.page\/wp-content\/uploads\/2023\/09\/dimantea-calze-mantova-10x7.jpg 10w\" sizes=\"auto, (max-width: 603px) 100vw, 603px\" \/>\t\t\t\t\t\t\t\t\t\t\t\t\t\t\t<\/div>\n\t\t\t\t<\/div>\n\t\t\t\t\t<\/div>\n\t\t<\/div>\n\t\t\t\t<div class=\"elementor-column elementor-col-50 elementor-top-column elementor-element elementor-element-fac54d1\" data-id=\"fac54d1\" data-element_type=\"column\">\n\t\t\t<div class=\"elementor-widget-wrap elementor-element-populated\">\n\t\t\t\t\t\t<div class=\"elementor-element elementor-element-4b2e2c2 elementor-widget elementor-widget-text-editor\" data-id=\"4b2e2c2\" data-element_type=\"widget\" data-widget_type=\"text-editor.default\">\n\t\t\t\t<div class=\"elementor-widget-container\">\n\t\t\t\t\t\t\t\t\t<div class=\"wpb_text_column wpb_content_element \"><div class=\"wpb_wrapper\"><div class=\"wpb_text_column wpb_content_element \"><div class=\"wpb_wrapper\"><div class=\"wpb_text_column wpb_content_element \"><div class=\"wpb_wrapper\"><h3>Un Servizio a 360\u00b0<\/h3><\/div><\/div><div class=\"vc_empty_space\">\u00a0<\/div><div class=\"wpb_text_column wpb_content_element \"><div class=\"wpb_wrapper\"><p>Una realt\u00e0 di ridotte dimensioni non significa svantaggi: Il nostro punto di forza \u00e8 la massima flessibilit\u00e0. Siamo in grado di acquisire commesse di lavoro anche di modeste dimensioni sapendole gestire con la massima professionalit\u00e0 garantendo sempre qualit\u00e0 ed efficienza . Possiamo offrire ai nostri clienti un servizio a 360 gradi partendo dalla vendita del prodotto semi lavorato sino ad arrivare al confezionato\/pronto vendita seguendo i vari processi sempre secondo le disposizioni del nostro cliente e consigliando, se necessario, la soluzione migliore per garantire la massima qualit\u00e0.<\/p><\/div><\/div><\/div><\/div><\/div><\/div>\t\t\t\t\t\t\t\t<\/div>\n\t\t\t\t<\/div>\n\t\t\t\t\t<\/div>\n\t\t<\/div>\n\t\t\t\t\t<\/div>\n\t\t<\/section>\n\t\t\t\t<section class=\"elementor-section elementor-top-section elementor-element elementor-element-ea1ff9a elementor-section-boxed elementor-section-height-default elementor-section-height-default\" data-id=\"ea1ff9a\" data-element_type=\"section\">\n\t\t\t\t\t\t<div class=\"elementor-container elementor-column-gap-default\">\n\t\t\t\t\t<div class=\"elementor-column elementor-col-50 elementor-top-column elementor-element elementor-element-ca61a7c\" data-id=\"ca61a7c\" data-element_type=\"column\">\n\t\t\t<div class=\"elementor-widget-wrap elementor-element-populated\">\n\t\t\t\t\t\t<div class=\"elementor-element elementor-element-43e8a6d elementor-widget elementor-widget-text-editor\" data-id=\"43e8a6d\" data-element_type=\"widget\" data-widget_type=\"text-editor.default\">\n\t\t\t\t<div class=\"elementor-widget-container\">\n\t\t\t\t\t\t\t\t\t<div class=\"wpb_text_column wpb_content_element \"><div class=\"wpb_wrapper\"><h3>Qualit\u00e0 dei servizi<\/h3><\/div><\/div><div class=\"vc_empty_space\">\u00a0<\/div><div class=\"wpb_text_column wpb_content_element \"><div class=\"wpb_wrapper\"><p>Se richiesto possiamo assistere il cliente nello studio e nello sviluppo di articoli e\/o packaging per la quale verr\u00e0 riservata l\u2019esclusiva. Il nostro sistema gestionale ci permette infine di interfacciarci con i vari sistemi informatici dei clienti per la ricezione degli ordini di articoli permanenti e con consegne programmate anche settimanalmente, previo preventivi accordi sulle merci in stock service che dobbiamo mantenere in scorta a magazzino.<\/p><\/div><\/div>\t\t\t\t\t\t\t\t<\/div>\n\t\t\t\t<\/div>\n\t\t\t\t\t<\/div>\n\t\t<\/div>\n\t\t\t\t<div class=\"elementor-column elementor-col-50 elementor-top-column elementor-element elementor-element-ac95831\" data-id=\"ac95831\" data-element_type=\"column\">\n\t\t\t<div class=\"elementor-widget-wrap elementor-element-populated\">\n\t\t\t\t\t\t<div class=\"elementor-element elementor-element-1ad8bcf elementor-widget elementor-widget-image\" data-id=\"1ad8bcf\" data-element_type=\"widget\" data-widget_type=\"image.default\">\n\t\t\t\t<div class=\"elementor-widget-container\">\n\t\t\t\t\t\t\t\t\t\t\t\t\t\t\t<img loading=\"lazy\" loading=\"lazy\" decoding=\"async\" width=\"603\" height=\"402\" src=\"https:\/\/keen-euclid.84-46-251-236.plesk.page\/wp-content\/uploads\/2023\/09\/cosa-facciamo-diamantea.jpg\" class=\"attachment-large size-large wp-image-5490\" alt=\"\" srcset=\"https:\/\/keen-euclid.84-46-251-236.plesk.page\/wp-content\/uploads\/2023\/09\/cosa-facciamo-diamantea.jpg 603w, https:\/\/keen-euclid.84-46-251-236.plesk.page\/wp-content\/uploads\/2023\/09\/cosa-facciamo-diamantea-300x200.jpg 300w, https:\/\/keen-euclid.84-46-251-236.plesk.page\/wp-content\/uploads\/2023\/09\/cosa-facciamo-diamantea-600x400.jpg 600w, https:\/\/keen-euclid.84-46-251-236.plesk.page\/wp-content\/uploads\/2023\/09\/cosa-facciamo-diamantea-1x1.jpg 1w, https:\/\/keen-euclid.84-46-251-236.plesk.page\/wp-content\/uploads\/2023\/09\/cosa-facciamo-diamantea-10x7.jpg 10w\" sizes=\"auto, (max-width: 603px) 100vw, 603px\" \/>\t\t\t\t\t\t\t\t\t\t\t\t\t\t\t<\/div>\n\t\t\t\t<\/div>\n\t\t\t\t\t<\/div>\n\t\t<\/div>\n\t\t\t\t\t<\/div>\n\t\t<\/section>\n\t\t\t\t<\/div>\n\t\t","protected":false},"excerpt":{"rendered":"<p>DIVERSITA&#8217;SERVIZIOQUALITA&#8217; Il meglio del know how \u00a0 Il meglio del know how e la nostra professionalit\u00e0 sono messi a disposizione esclusivamente per la gestione di&#8230;<\/p>\n","protected":false},"author":1,"featured_media":0,"parent":0,"menu_order":0,"comment_status":"closed","ping_status":"closed","template":"","meta":{"footnotes":""},"class_list":["post-5488","page","type-page","status-publish","hentry"],"_links":{"self":[{"href":"https:\/\/keen-euclid.84-46-251-236.plesk.page\/index.php\/wp-json\/wp\/v2\/pages\/5488","targetHints":{"allow":["GET"]}}],"collection":[{"href":"https:\/\/keen-euclid.84-46-251-236.plesk.page\/index.php\/wp-json\/wp\/v2\/pages"}],"about":[{"href":"https:\/\/keen-euclid.84-46-251-236.plesk.page\/index.php\/wp-json\/wp\/v2\/types\/page"}],"author":[{"embeddable":true,"href":"https:\/\/keen-euclid.84-46-251-236.plesk.page\/index.php\/wp-json\/wp\/v2\/users\/1"}],"replies":[{"embeddable":true,"href":"https:\/\/keen-euclid.84-46-251-236.plesk.page\/index.php\/wp-json\/wp\/v2\/comments?post=5488"}],"version-history":[{"count":58,"href":"https:\/\/keen-euclid.84-46-251-236.plesk.page\/index.php\/wp-json\/wp\/v2\/pages\/5488\/revisions"}],"predecessor-version":[{"id":5732,"href":"https:\/\/keen-euclid.84-46-251-236.plesk.page\/index.php\/wp-json\/wp\/v2\/pages\/5488\/revisions\/5732"}],"wp:attachment":[{"href":"https:\/\/keen-euclid.84-46-251-236.plesk.page\/index.php\/wp-json\/wp\/v2\/media?parent=5488"}],"curies":[{"name":"wp","href":"https:\/\/api.w.org\/{rel}","templated":true}]}}